{"id":376,"date":"2022-01-19T07:52:45","date_gmt":"2022-01-19T06:52:45","guid":{"rendered":"https:\/\/rknarquitectos.com\/blog\/"},"modified":"2024-02-19T17:41:25","modified_gmt":"2024-02-19T16:41:25","slug":"proyectos","status":"publish","type":"page","link":"https:\/\/rknarquitectos.com\/en\/proyectos\/","title":{"rendered":"Projects"},"content":{"rendered":"<div data-elementor-type=\"wp-page\" data-elementor-id=\"376\" class=\"elementor elementor-376\">\n\t\t\t\t<div class=\"elementor-element elementor-element-8d41750 e-flex e-con-boxed e-con e-parent\" data-id=\"8d41750\" data-element_type=\"container\" data-core-v316-plus=\"true\">\n\t\t\t\t\t<div class=\"e-con-inner\">\n\t\t\t\t\t<\/div>\n\t\t\t\t<\/div>\n\t\t<div class=\"elementor-element elementor-element-5bb2796 e-flex e-con-boxed e-con e-parent\" data-id=\"5bb2796\" data-element_type=\"container\" data-core-v316-plus=\"true\">\n\t\t\t\t\t<div class=\"e-con-inner\">\n\t\t\t\t<div class=\"elementor-element elementor-element-99411e6 elementor-widget elementor-widget-heading\" data-id=\"99411e6\" data-element_type=\"widget\" data-widget_type=\"heading.default\">\n\t\t\t\t<div class=\"elementor-widget-container\">\n\t\t\t<style>\/*! elementor - v3.20.0 - 10-04-2024 *\/\n.elementor-heading-title{padding:0;margin:0;line-height:1}.elementor-widget-heading .elementor-heading-title[class*=elementor-size-]>a{color:inherit;font-size:inherit;line-height:inherit}.elementor-widget-heading .elementor-heading-title.elementor-size-small{font-size:15px}.elementor-widget-heading .elementor-heading-title.elementor-size-medium{font-size:19px}.elementor-widget-heading .elementor-heading-title.elementor-size-large{font-size:29px}.elementor-widget-heading .elementor-heading-title.elementor-size-xl{font-size:39px}.elementor-widget-heading .elementor-heading-title.elementor-size-xxl{font-size:59px}<\/style><h1 class=\"elementor-heading-title elementor-size-default\">Our Projects<\/h1>\t\t<\/div>\n\t\t\t\t<\/div>\n\t\t\t\t<div class=\"elementor-element elementor-element-8a48315 elementor-widget-divider--view-line elementor-widget elementor-widget-divider\" data-id=\"8a48315\" data-element_type=\"widget\" data-widget_type=\"divider.default\">\n\t\t\t\t<div class=\"elementor-widget-container\">\n\t\t\t<style>\/*! elementor - v3.20.0 - 10-04-2024 *\/\n.elementor-widget-divider{--divider-border-style:none;--divider-border-width:1px;--divider-color:#0c0d0e;--divider-icon-size:20px;--divider-element-spacing:10px;--divider-pattern-height:24px;--divider-pattern-size:20px;--divider-pattern-url:none;--divider-pattern-repeat:repeat-x}.elementor-widget-divider .elementor-divider{display:flex}.elementor-widget-divider .elementor-divider__text{font-size:15px;line-height:1;max-width:95%}.elementor-widget-divider .elementor-divider__element{margin:0 var(--divider-element-spacing);flex-shrink:0}.elementor-widget-divider .elementor-icon{font-size:var(--divider-icon-size)}.elementor-widget-divider .elementor-divider-separator{display:flex;margin:0;direction:ltr}.elementor-widget-divider--view-line_icon .elementor-divider-separator,.elementor-widget-divider--view-line_text .elementor-divider-separator{align-items:center}.elementor-widget-divider--view-line_icon .elementor-divider-separator:after,.elementor-widget-divider--view-line_icon .elementor-divider-separator:before,.elementor-widget-divider--view-line_text .elementor-divider-separator:after,.elementor-widget-divider--view-line_text .elementor-divider-separator:before{display:block;content:\"\";border-block-end:0;flex-grow:1;border-block-start:var(--divider-border-width) var(--divider-border-style) var(--divider-color)}.elementor-widget-divider--element-align-left .elementor-divider .elementor-divider-separator>.elementor-divider__svg:first-of-type{flex-grow:0;flex-shrink:100}.elementor-widget-divider--element-align-left .elementor-divider-separator:before{content:none}.elementor-widget-divider--element-align-left .elementor-divider__element{margin-left:0}.elementor-widget-divider--element-align-right .elementor-divider .elementor-divider-separator>.elementor-divider__svg:last-of-type{flex-grow:0;flex-shrink:100}.elementor-widget-divider--element-align-right .elementor-divider-separator:after{content:none}.elementor-widget-divider--element-align-right .elementor-divider__element{margin-right:0}.elementor-widget-divider--element-align-start .elementor-divider .elementor-divider-separator>.elementor-divider__svg:first-of-type{flex-grow:0;flex-shrink:100}.elementor-widget-divider--element-align-start .elementor-divider-separator:before{content:none}.elementor-widget-divider--element-align-start .elementor-divider__element{margin-inline-start:0}.elementor-widget-divider--element-align-end .elementor-divider .elementor-divider-separator>.elementor-divider__svg:last-of-type{flex-grow:0;flex-shrink:100}.elementor-widget-divider--element-align-end .elementor-divider-separator:after{content:none}.elementor-widget-divider--element-align-end .elementor-divider__element{margin-inline-end:0}.elementor-widget-divider:not(.elementor-widget-divider--view-line_text):not(.elementor-widget-divider--view-line_icon) .elementor-divider-separator{border-block-start:var(--divider-border-width) var(--divider-border-style) var(--divider-color)}.elementor-widget-divider--separator-type-pattern{--divider-border-style:none}.elementor-widget-divider--separator-type-pattern.elementor-widget-divider--view-line .elementor-divider-separator,.elementor-widget-divider--separator-type-pattern:not(.elementor-widget-divider--view-line) .elementor-divider-separator:after,.elementor-widget-divider--separator-type-pattern:not(.elementor-widget-divider--view-line) .elementor-divider-separator:before,.elementor-widget-divider--separator-type-pattern:not([class*=elementor-widget-divider--view]) .elementor-divider-separator{width:100%;min-height:var(--divider-pattern-height);-webkit-mask-size:var(--divider-pattern-size) 100%;mask-size:var(--divider-pattern-size) 100%;-webkit-mask-repeat:var(--divider-pattern-repeat);mask-repeat:var(--divider-pattern-repeat);background-color:var(--divider-color);-webkit-mask-image:var(--divider-pattern-url);mask-image:var(--divider-pattern-url)}.elementor-widget-divider--no-spacing{--divider-pattern-size:auto}.elementor-widget-divider--bg-round{--divider-pattern-repeat:round}.rtl .elementor-widget-divider .elementor-divider__text{direction:rtl}.e-con-inner>.elementor-widget-divider,.e-con>.elementor-widget-divider{width:var(--container-widget-width,100%);--flex-grow:var(--container-widget-flex-grow)}<\/style>\t\t<div class=\"elementor-divider\">\n\t\t\t<span class=\"elementor-divider-separator\">\n\t\t\t\t\t\t<\/span>\n\t\t<\/div>\n\t\t\t\t<\/div>\n\t\t\t\t<\/div>\n\t\t\t\t<div class=\"elementor-element elementor-element-9607de1 elementor-widget elementor-widget-elpug\" data-id=\"9607de1\" data-element_type=\"widget\" data-widget_type=\"elpug.default\">\n\t\t\t\t<div class=\"elementor-widget-container\">\n\t\t\t<input id=\"powerfolio_pagination_postsperpage\" type=\"hidden\" value=\"\" \/><div class=\"elpt-portfolio elpt_powerfolio_51882\"><div class=\"elpt-portfolio-filter\"><button class=\"portfolio-filter-item item-active\" data-filter=\"*\" style=\"background-color:\">All<\/button><button class=\"portfolio-filter-item\" style=\"background-color:\" data-filter=\".elemenfoliocategory-diseno-interiores\">Interior Design<\/button><button class=\"portfolio-filter-item\" style=\"background-color:\" data-filter=\".elemenfoliocategory-b-equipamiento\">Equipment<\/button><button class=\"portfolio-filter-item\" style=\"background-color:\" data-filter=\".elemenfoliocategory-rehabilitacion\">Rehabilitation<\/button><button class=\"portfolio-filter-item\" style=\"background-color:\" data-filter=\".elemenfoliocategory-a-vivienda\">Housing<\/button><\/div><div class=\"elpt-portfolio-content elpt-portfolio-content-isotope elpt-portfolio-style-box  simple elpt-portfolio-columns-2  elpt-portfolio-margin\"><div class=\"portfolio-item-wrapper 716 post-376 page type-page status-publish hentry elemenfoliocategory-a-vivienda\"><a href=\"https:\/\/rknarquitectos.com\/en\/portfolio\/casa-hook\/\" class=\"portfolio-item\" style=\"background-image: url(https:\/\/rknarquitectos.com\/wp-content\/uploads\/2023\/10\/IMG-9198-scaled.jpg)\" title=\"Hook House\"><img decoding=\"async\" src=\"https:\/\/rknarquitectos.com\/wp-content\/uploads\/2023\/10\/IMG-9198-scaled.jpg\" class=\"elpt-main-image\" title=\"Hook House\" alt=\"Casa Hook\" \/><div class=\"portfolio-item-infos-wrapper\" style=\"background-color:\"><div class=\"portfolio-item-infos\"><div class=\"portfolio-item-title\"><span class=\"portfolio-item-title-span\">Hook House<\/span><\/div><div class=\"portfolio-item-category\"><span class=\"elpt-portfolio-cat\">Housing<\/span><\/div><\/div><\/div><\/a><\/div><div class=\"portfolio-item-wrapper 793 post-376 page type-page status-publish hentry elemenfoliocategory-a-vivienda\"><a href=\"https:\/\/rknarquitectos.com\/en\/portfolio\/casa-del-realon\/\" class=\"portfolio-item\" style=\"background-image: url(https:\/\/rknarquitectos.com\/wp-content\/uploads\/2024\/02\/Imagen-01.jpg)\" title=\"Real\u00f3n House\"><img decoding=\"async\" src=\"https:\/\/rknarquitectos.com\/wp-content\/uploads\/2024\/02\/Imagen-01.jpg\" class=\"elpt-main-image\" title=\"Real\u00f3n House\" alt=\"Casa del Real\u00f3n\" \/><div class=\"portfolio-item-infos-wrapper\" style=\"background-color:\"><div class=\"portfolio-item-infos\"><div class=\"portfolio-item-title\"><span class=\"portfolio-item-title-span\">Real\u00f3n House<\/span><\/div><div class=\"portfolio-item-category\"><span class=\"elpt-portfolio-cat\">Housing<\/span><\/div><\/div><\/div><\/a><\/div><div class=\"portfolio-item-wrapper 803 post-376 page type-page status-publish hentry elemenfoliocategory-a-vivienda\"><a href=\"https:\/\/rknarquitectos.com\/en\/portfolio\/casa-nh\/\" class=\"portfolio-item\" style=\"background-image: url(https:\/\/rknarquitectos.com\/wp-content\/uploads\/2024\/02\/Imagen-01-1-scaled.jpg)\" title=\"NH House\"><img decoding=\"async\" src=\"https:\/\/rknarquitectos.com\/wp-content\/uploads\/2024\/02\/Imagen-01-1-scaled.jpg\" class=\"elpt-main-image\" title=\"NH House\" alt=\"Casa NH\" \/><div class=\"portfolio-item-infos-wrapper\" style=\"background-color:\"><div class=\"portfolio-item-infos\"><div class=\"portfolio-item-title\"><span class=\"portfolio-item-title-span\">NH House<\/span><\/div><div class=\"portfolio-item-category\"><span class=\"elpt-portfolio-cat\">Housing<\/span><\/div><\/div><\/div><\/a><\/div><div class=\"portfolio-item-wrapper 722 post-376 page type-page status-publish hentry elemenfoliocategory-b-equipamiento\"><a href=\"https:\/\/rknarquitectos.com\/en\/portfolio\/piscina-climatizada-en-casar-de-caceres\/\" class=\"portfolio-item\" style=\"background-image: url(https:\/\/rknarquitectos.com\/wp-content\/uploads\/2024\/02\/Imagen-01-2-scaled.jpg)\" title=\"Piscina climatizada en casar de C\u00e1ceres\"><img decoding=\"async\" src=\"https:\/\/rknarquitectos.com\/wp-content\/uploads\/2024\/02\/Imagen-01-2-scaled.jpg\" class=\"elpt-main-image\" title=\"Piscina climatizada en casar de C\u00e1ceres\" alt=\"Piscina climatizada en casar de C\u00e1ceres\" \/><div class=\"portfolio-item-infos-wrapper\" style=\"background-color:\"><div class=\"portfolio-item-infos\"><div class=\"portfolio-item-title\"><span class=\"portfolio-item-title-span\">Piscina climatizada en casar de C\u00e1ceres<\/span><\/div><div class=\"portfolio-item-category\"><span class=\"elpt-portfolio-cat\">Equipment<\/span><\/div><\/div><\/div><\/a><\/div><div class=\"portfolio-item-wrapper 830 post-376 page type-page status-publish hentry elemenfoliocategory-b-equipamiento\"><a href=\"https:\/\/rknarquitectos.com\/en\/portfolio\/bolera-cubierta-en-astillero\/\" class=\"portfolio-item\" style=\"background-image: url(https:\/\/rknarquitectos.com\/wp-content\/uploads\/2023\/10\/cropped-EXTERIOR-2-scaled-1.jpg)\" title=\"Indor Bowling Alley in Astillero\"><img decoding=\"async\" src=\"https:\/\/rknarquitectos.com\/wp-content\/uploads\/2023\/10\/cropped-EXTERIOR-2-scaled-1.jpg\" class=\"elpt-main-image\" title=\"Indor Bowling Alley in Astillero\" alt=\"Bolera cubierta en Astillero\" \/><div class=\"portfolio-item-infos-wrapper\" style=\"background-color:\"><div class=\"portfolio-item-infos\"><div class=\"portfolio-item-title\"><span class=\"portfolio-item-title-span\">Indor Bowling Alley in Astillero<\/span><\/div><div class=\"portfolio-item-category\"><span class=\"elpt-portfolio-cat\">Equipment<\/span><\/div><\/div><\/div><\/a><\/div><div class=\"portfolio-item-wrapper 843 post-376 page type-page status-publish hentry elemenfoliocategory-b-equipamiento\"><a href=\"https:\/\/rknarquitectos.com\/en\/portfolio\/centro-social-en-morvedre\/\" class=\"portfolio-item\" style=\"background-image: url(https:\/\/rknarquitectos.com\/wp-content\/uploads\/2024\/02\/Imagen-01-4-scaled.jpg)\" title=\"Centro social en Morvedre\"><img decoding=\"async\" src=\"https:\/\/rknarquitectos.com\/wp-content\/uploads\/2024\/02\/Imagen-01-4-scaled.jpg\" class=\"elpt-main-image\" title=\"Centro social en Morvedre\" alt=\"Centro social en Morvedre\" \/><div class=\"portfolio-item-infos-wrapper\" style=\"background-color:\"><div class=\"portfolio-item-infos\"><div class=\"portfolio-item-title\"><span class=\"portfolio-item-title-span\">Centro social en Morvedre<\/span><\/div><div class=\"portfolio-item-category\"><span class=\"elpt-portfolio-cat\">Equipment<\/span><\/div><\/div><\/div><\/a><\/div><div class=\"portfolio-item-wrapper 881 post-376 page type-page status-publish hentry elemenfoliocategory-b-equipamiento\"><a href=\"https:\/\/rknarquitectos.com\/en\/portfolio\/unidad-de-convivencia-en-beniopa\/\" class=\"portfolio-item\" style=\"background-image: url(https:\/\/rknarquitectos.com\/wp-content\/uploads\/2024\/02\/Imagen-01-6-scaled.jpg)\" title=\"Coexistence unit in Beniopa\"><img decoding=\"async\" src=\"https:\/\/rknarquitectos.com\/wp-content\/uploads\/2024\/02\/Imagen-01-6-scaled.jpg\" class=\"elpt-main-image\" title=\"Coexistence unit in Beniopa\" alt=\"Unidad de convivencia en Beniopa\" \/><div class=\"portfolio-item-infos-wrapper\" style=\"background-color:\"><div class=\"portfolio-item-infos\"><div class=\"portfolio-item-title\"><span class=\"portfolio-item-title-span\">Coexistence unit in Beniopa<\/span><\/div><div class=\"portfolio-item-category\"><span class=\"elpt-portfolio-cat\">Equipment<\/span><\/div><\/div><\/div><\/a><\/div><div class=\"portfolio-item-wrapper 860 post-376 page type-page status-publish hentry elemenfoliocategory-b-equipamiento\"><a href=\"https:\/\/rknarquitectos.com\/en\/portfolio\/banco-de-espacios-para-ruzafa\/\" class=\"portfolio-item\" style=\"background-image: url(https:\/\/rknarquitectos.com\/wp-content\/uploads\/2024\/02\/Imagen-01-5-scaled.jpg)\" title=\"Space bank for Ruzafa\"><img decoding=\"async\" src=\"https:\/\/rknarquitectos.com\/wp-content\/uploads\/2024\/02\/Imagen-01-5-scaled.jpg\" class=\"elpt-main-image\" title=\"Space bank for Ruzafa\" alt=\"Banco de espacios para Ruzafa\" \/><div class=\"portfolio-item-infos-wrapper\" style=\"background-color:\"><div class=\"portfolio-item-infos\"><div class=\"portfolio-item-title\"><span class=\"portfolio-item-title-span\">Space bank for Ruzafa<\/span><\/div><div class=\"portfolio-item-category\"><span class=\"elpt-portfolio-cat\">Equipment<\/span><\/div><\/div><\/div><\/a><\/div><div class=\"portfolio-item-wrapper 894 post-376 page type-page status-publish hentry elemenfoliocategory-b-equipamiento\"><a href=\"https:\/\/rknarquitectos.com\/en\/portfolio\/73-viviendas-de-proteccion-publica-para-alquiler-asequible-en-gandia\/\" class=\"portfolio-item\" style=\"background-image: url(https:\/\/rknarquitectos.com\/wp-content\/uploads\/2024\/02\/Imagen-01-7-scaled.jpg)\" title=\"73 Viviendas de proteccion publica para alquiler asequible en Gandia\"><img decoding=\"async\" src=\"https:\/\/rknarquitectos.com\/wp-content\/uploads\/2024\/02\/Imagen-01-7-scaled.jpg\" class=\"elpt-main-image\" title=\"73 Viviendas de proteccion publica para alquiler asequible en Gandia\" alt=\"73 Viviendas de proteccion publica para alquiler asequible en Gandia\" \/><div class=\"portfolio-item-infos-wrapper\" style=\"background-color:\"><div class=\"portfolio-item-infos\"><div class=\"portfolio-item-title\"><span class=\"portfolio-item-title-span\">73 Viviendas de proteccion publica para alquiler asequible en Gandia<\/span><\/div><div class=\"portfolio-item-category\"><span class=\"elpt-portfolio-cat\">Equipment<\/span><\/div><\/div><\/div><\/a><\/div><div class=\"portfolio-item-wrapper 905 post-376 page type-page status-publish hentry elemenfoliocategory-diseno-interiores\"><a href=\"https:\/\/rknarquitectos.com\/en\/portfolio\/rfm-moncada\/\" class=\"portfolio-item\" style=\"background-image: url(https:\/\/rknarquitectos.com\/wp-content\/uploads\/2024\/02\/Reforma-Zaguan-scaled.jpg)\" title=\"RFM Moncada\"><img decoding=\"async\" src=\"https:\/\/rknarquitectos.com\/wp-content\/uploads\/2024\/02\/Reforma-Zaguan-scaled.jpg\" class=\"elpt-main-image\" title=\"RFM Moncada\" alt=\"RFM Moncada\" \/><div class=\"portfolio-item-infos-wrapper\" style=\"background-color:\"><div class=\"portfolio-item-infos\"><div class=\"portfolio-item-title\"><span class=\"portfolio-item-title-span\">RFM Moncada<\/span><\/div><div class=\"portfolio-item-category\"><span class=\"elpt-portfolio-cat\">Interior Design<\/span><\/div><\/div><\/div><\/a><\/div><div class=\"portfolio-item-wrapper 915 post-376 page type-page status-publish hentry elemenfoliocategory-diseno-interiores\"><a href=\"https:\/\/rknarquitectos.com\/en\/portfolio\/reforma-denia\/\" class=\"portfolio-item\" style=\"background-image: url(https:\/\/rknarquitectos.com\/wp-content\/uploads\/2024\/02\/Reforma-Integral-scaled.jpg)\" title=\"Reforma Denia\"><img decoding=\"async\" src=\"https:\/\/rknarquitectos.com\/wp-content\/uploads\/2024\/02\/Reforma-Integral-scaled.jpg\" class=\"elpt-main-image\" title=\"Reforma Denia\" alt=\"Reforma Denia\" \/><div class=\"portfolio-item-infos-wrapper\" style=\"background-color:\"><div class=\"portfolio-item-infos\"><div class=\"portfolio-item-title\"><span class=\"portfolio-item-title-span\">Reforma Denia<\/span><\/div><div class=\"portfolio-item-category\"><span class=\"elpt-portfolio-cat\">Interior Design<\/span><\/div><\/div><\/div><\/a><\/div><div class=\"portfolio-item-wrapper 926 post-376 page type-page status-publish hentry elemenfoliocategory-rehabilitacion\"><a href=\"https:\/\/rknarquitectos.com\/en\/portfolio\/rehabilitacion-estructural-en-meliana\/\" class=\"portfolio-item\" style=\"background-image: url(https:\/\/rknarquitectos.com\/wp-content\/uploads\/2024\/02\/20230227_181722000_iOS-scaled.jpg)\" title=\"Structural Rehabilitation Meliana\"><img decoding=\"async\" src=\"https:\/\/rknarquitectos.com\/wp-content\/uploads\/2024\/02\/20230227_181722000_iOS-scaled.jpg\" class=\"elpt-main-image\" title=\"Structural Rehabilitation Meliana\" alt=\"Rehabilitaci\u00f3n estructural en Meliana\" \/><div class=\"portfolio-item-infos-wrapper\" style=\"background-color:\"><div class=\"portfolio-item-infos\"><div class=\"portfolio-item-title\"><span class=\"portfolio-item-title-span\">Structural Rehabilitation Meliana<\/span><\/div><div class=\"portfolio-item-category\"><span class=\"elpt-portfolio-cat\">Rehabilitation<\/span><\/div><\/div><\/div><\/a><\/div><div class=\"portfolio-item-wrapper 935 post-376 page type-page status-publish hentry elemenfoliocategory-rehabilitacion\"><a href=\"https:\/\/rknarquitectos.com\/en\/portfolio\/sustitucion-de-cubierta-en-bonrepos-y-mirambell\/\" class=\"portfolio-item\" style=\"background-image: url(https:\/\/rknarquitectos.com\/wp-content\/uploads\/2024\/02\/Imagen-01-8-scaled.jpg)\" title=\"Roof Replacement Bonrep\u00f3s y Mirambell\"><img decoding=\"async\" src=\"https:\/\/rknarquitectos.com\/wp-content\/uploads\/2024\/02\/Imagen-01-8-scaled.jpg\" class=\"elpt-main-image\" title=\"Roof Replacement Bonrep\u00f3s y Mirambell\" alt=\"Sustituci\u00f3n de cubierta en Bonrep\u00f3s y Mirambell\" \/><div class=\"portfolio-item-infos-wrapper\" style=\"background-color:\"><div class=\"portfolio-item-infos\"><div class=\"portfolio-item-title\"><span class=\"portfolio-item-title-span\">Roof Replacement Bonrep\u00f3s y Mirambell<\/span><\/div><div class=\"portfolio-item-category\"><span class=\"elpt-portfolio-cat\">Rehabilitation<\/span><\/div><\/div><\/div><\/a><\/div><\/div><\/div>\t\t<\/div>\n\t\t\t\t<\/div>\n\t\t\t\t\t<\/div>\n\t\t\t\t<\/div>\n\t\t\t\t<\/div>","protected":false},"excerpt":{"rendered":"<p>Nuestros Proyectos TodosDise\u00f1o InterioresEquipamientoRehabilitaci\u00f3nViviendaCasa HookViviendaPiscina climatizada en casar de C\u00e1ceresEquipamientoCasa del Real\u00f3nViviendaCasa NHViviendaEscuela de m\u00fasica en CiutadelaEquipamientoBolera cubierta en AstilleroEquipamientoCentro social en MorvedreEquipamientoBanco de espacios para RuzafaEquipamientoUnidad de convivencia en BeniopaEquipamientoRFM MoncadaDise\u00f1o Interiores73 Viviendas de proteccion publica para alquiler asequible en GandiaEquipamientoReforma DeniaDise\u00f1o InterioresRehabilitaci\u00f3n estructural en MelianaRehabilitaci\u00f3nSustituci\u00f3n de cubierta en Bonrep\u00f3s y MirambellRehabilitaci\u00f3n<\/p>","protected":false},"author":2,"featured_media":0,"parent":0,"menu_order":0,"comment_status":"closed","ping_status":"closed","template":"","meta":{"_monsterinsights_skip_tracking":false,"_monsterinsights_sitenote_active":false,"_monsterinsights_sitenote_note":"","_monsterinsights_sitenote_category":0,"footnotes":""},"_links":{"self":[{"href":"https:\/\/rknarquitectos.com\/en\/wp-json\/wp\/v2\/pages\/376"}],"collection":[{"href":"https:\/\/rknarquitectos.com\/en\/wp-json\/wp\/v2\/pages"}],"about":[{"href":"https:\/\/rknarquitectos.com\/en\/wp-json\/wp\/v2\/types\/page"}],"author":[{"embeddable":true,"href":"https:\/\/rknarquitectos.com\/en\/wp-json\/wp\/v2\/users\/2"}],"replies":[{"embeddable":true,"href":"https:\/\/rknarquitectos.com\/en\/wp-json\/wp\/v2\/comments?post=376"}],"version-history":[{"count":58,"href":"https:\/\/rknarquitectos.com\/en\/wp-json\/wp\/v2\/pages\/376\/revisions"}],"predecessor-version":[{"id":1377,"href":"https:\/\/rknarquitectos.com\/en\/wp-json\/wp\/v2\/pages\/376\/revisions\/1377"}],"wp:attachment":[{"href":"https:\/\/rknarquitectos.com\/en\/wp-json\/wp\/v2\/media?parent=376"}],"curies":[{"name":"wp","href":"https:\/\/api.w.org\/{rel}","templated":true}]}}